{"id":1680,"date":"2017-05-02T10:00:54","date_gmt":"2017-05-02T08:00:54","guid":{"rendered":"http:\/\/www.concertae.com?page_id=1680"},"modified":"2017-05-09T09:52:04","modified_gmt":"2017-05-09T07:52:04","slug":"international","status":"publish","type":"page","link":"https:\/\/www.concertae.com\/de\/international","title":{"rendered":"International"},"content":{"rendered":"","protected":false},"excerpt":{"rendered":"<p>Die concertae-Gruppe ist Mitglied der Vereinigung INPACT Global, welche seit 1989 in 250 St\u00e4dten in \u00fcber 70 L\u00e4ndern auf allen Kontinenten pr\u00e4sent ist. INPACT Global [&#8230;]<\/p>\n","protected":false},"author":2,"featured_media":986,"parent":0,"menu_order":0,"comment_status":"closed","ping_status":"closed","template":"","meta":{"_exactmetrics_skip_tracking":false,"_exactmetrics_sitenote_active":false,"_exactmetrics_sitenote_note":"","_exactmetrics_sitenote_category":0,"footnotes":""},"class_list":["post-1680","page","type-page","status-publish","has-post-thumbnail","hentry"],"yoast_head":"<!-- This site is optimized with the Yoast SEO plugin v24.4 - https:\/\/yoast.com\/wordpress\/plugins\/seo\/ -->\n<title>International | concertae<\/title>\n<meta name=\"robots\" content=\"index, follow, max-snippet:-1, max-image-preview:large, max-video-preview:-1\" \/>\n<link rel=\"canonical\" href=\"https:\/\/www.concertae.com\/de\/international\" \/>\n<meta property=\"og:locale\" content=\"de_DE\" \/>\n<meta property=\"og:type\" content=\"article\" \/>\n<meta property=\"og:title\" content=\"International | concertae\" \/>\n<meta property=\"og:description\" content=\"Die concertae-Gruppe ist Mitglied der Vereinigung INPACT Global, welche seit 1989 in 250 St\u00e4dten in \u00fcber 70 L\u00e4ndern auf allen Kontinenten pr\u00e4sent ist. INPACT Global [...]\" \/>\n<meta property=\"og:url\" content=\"https:\/\/www.concertae.com\/de\/international\" \/>\n<meta property=\"og:site_name\" content=\"concertae\" \/>\n<meta property=\"article:publisher\" content=\"https:\/\/www.facebook.com\/concertae\/\" \/>\n<meta property=\"article:modified_time\" content=\"2017-05-09T07:52:04+00:00\" \/>\n<meta property=\"og:image\" content=\"https:\/\/www.concertae.com\/wp-content\/uploads\/2016\/11\/International-1-e1491224961466.jpg\" \/>\n\t<meta property=\"og:image:width\" content=\"1588\" \/>\n\t<meta property=\"og:image:height\" content=\"536\" \/>\n\t<meta property=\"og:image:type\" content=\"image\/jpeg\" \/>\n<meta name=\"twitter:card\" content=\"summary_large_image\" \/>\n<meta name=\"twitter:site\" content=\"@groupeconcertae\" \/>\n<script type=\"application\/ld+json\" class=\"yoast-schema-graph\">{\"@context\":\"https:\/\/schema.org\",\"@graph\":[{\"@type\":\"WebPage\",\"@id\":\"https:\/\/www.concertae.com\/de\/international\",\"url\":\"https:\/\/www.concertae.com\/de\/international\",\"name\":\"International | concertae\",\"isPartOf\":{\"@id\":\"https:\/\/www.concertae.com\/#website\"},\"primaryImageOfPage\":{\"@id\":\"https:\/\/www.concertae.com\/de\/international#primaryimage\"},\"image\":{\"@id\":\"https:\/\/www.concertae.com\/de\/international#primaryimage\"},\"thumbnailUrl\":\"https:\/\/www.concertae.com\/wp-content\/uploads\/2016\/11\/International-1-e1491224961466.jpg\",\"datePublished\":\"2017-05-02T08:00:54+00:00\",\"dateModified\":\"2017-05-09T07:52:04+00:00\",\"breadcrumb\":{\"@id\":\"https:\/\/www.concertae.com\/de\/international#breadcrumb\"},\"inLanguage\":\"de\",\"potentialAction\":[{\"@type\":\"ReadAction\",\"target\":[\"https:\/\/www.concertae.com\/de\/international\"]}]},{\"@type\":\"ImageObject\",\"inLanguage\":\"de\",\"@id\":\"https:\/\/www.concertae.com\/de\/international#primaryimage\",\"url\":\"https:\/\/www.concertae.com\/wp-content\/uploads\/2016\/11\/International-1-e1491224961466.jpg\",\"contentUrl\":\"https:\/\/www.concertae.com\/wp-content\/uploads\/2016\/11\/International-1-e1491224961466.jpg\",\"width\":1588,\"height\":536},{\"@type\":\"BreadcrumbList\",\"@id\":\"https:\/\/www.concertae.com\/de\/international#breadcrumb\",\"itemListElement\":[{\"@type\":\"ListItem\",\"position\":1,\"name\":\"Accueil\",\"item\":\"https:\/\/www.concertae.com\/de\"},{\"@type\":\"ListItem\",\"position\":2,\"name\":\"International\"}]},{\"@type\":\"WebSite\",\"@id\":\"https:\/\/www.concertae.com\/#website\",\"url\":\"https:\/\/www.concertae.com\/\",\"name\":\"concertae\",\"description\":\"conseil certification audit et expertise-comptable\",\"potentialAction\":[{\"@type\":\"SearchAction\",\"target\":{\"@type\":\"EntryPoint\",\"urlTemplate\":\"https:\/\/www.concertae.com\/?s={search_term_string}\"},\"query-input\":{\"@type\":\"PropertyValueSpecification\",\"valueRequired\":true,\"valueName\":\"search_term_string\"}}],\"inLanguage\":\"de\"}]}<\/script>\n<!-- \/ Yoast SEO plugin. -->","yoast_head_json":{"title":"International | concertae","robots":{"index":"index","follow":"follow","max-snippet":"max-snippet:-1","max-image-preview":"max-image-preview:large","max-video-preview":"max-video-preview:-1"},"canonical":"https:\/\/www.concertae.com\/de\/international","og_locale":"de_DE","og_type":"article","og_title":"International | concertae","og_description":"Die concertae-Gruppe ist Mitglied der Vereinigung INPACT Global, welche seit 1989 in 250 St\u00e4dten in \u00fcber 70 L\u00e4ndern auf allen Kontinenten pr\u00e4sent ist. INPACT Global [...]","og_url":"https:\/\/www.concertae.com\/de\/international","og_site_name":"concertae","article_publisher":"https:\/\/www.facebook.com\/concertae\/","article_modified_time":"2017-05-09T07:52:04+00:00","og_image":[{"width":1588,"height":536,"url":"https:\/\/www.concertae.com\/wp-content\/uploads\/2016\/11\/International-1-e1491224961466.jpg","type":"image\/jpeg"}],"twitter_card":"summary_large_image","twitter_site":"@groupeconcertae","schema":{"@context":"https:\/\/schema.org","@graph":[{"@type":"WebPage","@id":"https:\/\/www.concertae.com\/de\/international","url":"https:\/\/www.concertae.com\/de\/international","name":"International | concertae","isPartOf":{"@id":"https:\/\/www.concertae.com\/#website"},"primaryImageOfPage":{"@id":"https:\/\/www.concertae.com\/de\/international#primaryimage"},"image":{"@id":"https:\/\/www.concertae.com\/de\/international#primaryimage"},"thumbnailUrl":"https:\/\/www.concertae.com\/wp-content\/uploads\/2016\/11\/International-1-e1491224961466.jpg","datePublished":"2017-05-02T08:00:54+00:00","dateModified":"2017-05-09T07:52:04+00:00","breadcrumb":{"@id":"https:\/\/www.concertae.com\/de\/international#breadcrumb"},"inLanguage":"de","potentialAction":[{"@type":"ReadAction","target":["https:\/\/www.concertae.com\/de\/international"]}]},{"@type":"ImageObject","inLanguage":"de","@id":"https:\/\/www.concertae.com\/de\/international#primaryimage","url":"https:\/\/www.concertae.com\/wp-content\/uploads\/2016\/11\/International-1-e1491224961466.jpg","contentUrl":"https:\/\/www.concertae.com\/wp-content\/uploads\/2016\/11\/International-1-e1491224961466.jpg","width":1588,"height":536},{"@type":"BreadcrumbList","@id":"https:\/\/www.concertae.com\/de\/international#breadcrumb","itemListElement":[{"@type":"ListItem","position":1,"name":"Accueil","item":"https:\/\/www.concertae.com\/de"},{"@type":"ListItem","position":2,"name":"International"}]},{"@type":"WebSite","@id":"https:\/\/www.concertae.com\/#website","url":"https:\/\/www.concertae.com\/","name":"concertae","description":"conseil certification audit et expertise-comptable","potentialAction":[{"@type":"SearchAction","target":{"@type":"EntryPoint","urlTemplate":"https:\/\/www.concertae.com\/?s={search_term_string}"},"query-input":{"@type":"PropertyValueSpecification","valueRequired":true,"valueName":"search_term_string"}}],"inLanguage":"de"}]}},"_links":{"self":[{"href":"https:\/\/www.concertae.com\/de\/wp-json\/wp\/v2\/pages\/1680","targetHints":{"allow":["GET"]}}],"collection":[{"href":"https:\/\/www.concertae.com\/de\/wp-json\/wp\/v2\/pages"}],"about":[{"href":"https:\/\/www.concertae.com\/de\/wp-json\/wp\/v2\/types\/page"}],"author":[{"embeddable":true,"href":"https:\/\/www.concertae.com\/de\/wp-json\/wp\/v2\/users\/2"}],"replies":[{"embeddable":true,"href":"https:\/\/www.concertae.com\/de\/wp-json\/wp\/v2\/comments?post=1680"}],"version-history":[{"count":8,"href":"https:\/\/www.concertae.com\/de\/wp-json\/wp\/v2\/pages\/1680\/revisions"}],"predecessor-version":[{"id":1820,"href":"https:\/\/www.concertae.com\/de\/wp-json\/wp\/v2\/pages\/1680\/revisions\/1820"}],"wp:featuredmedia":[{"embeddable":true,"href":"https:\/\/www.concertae.com\/de\/wp-json\/wp\/v2\/media\/986"}],"wp:attachment":[{"href":"https:\/\/www.concertae.com\/de\/wp-json\/wp\/v2\/media?parent=1680"}],"curies":[{"name":"wp","href":"https:\/\/api.w.org\/{rel}","templated":true}]}}